{"id":4687,"date":"2025-10-28T16:51:47","date_gmt":"2025-10-28T16:51:47","guid":{"rendered":"https:\/\/www.a-faid.org\/?page_id=4687"},"modified":"2026-01-18T18:39:37","modified_gmt":"2026-01-18T18:39:37","slug":"nos-activites","status":"publish","type":"page","link":"https:\/\/www.a-faid.org\/index.php\/nos-activites\/","title":{"rendered":"Nos activit\u00e9s"},"content":{"rendered":"\t\t<div data-elementor-type=\"wp-page\" data-elementor-id=\"4687\" class=\"elementor elementor-4687\">\n\t\t\t\t\t\t<section class=\"elementor-section elementor-top-section elementor-element elementor-element-5c1daf8 elementor-section-full_width elementor-section-height-default elementor-section-height-default\" data-id=\"5c1daf8\" data-element_type=\"section\">\n\t\t\t\t\t\t<div class=\"elementor-container elementor-column-gap-no\">\n\t\t\t\t\t<div class=\"elementor-column elementor-col-100 elementor-top-column elementor-element elementor-element-7784338\" data-id=\"7784338\" data-element_type=\"column\">\n\t\t\t<div class=\"elementor-widget-wrap elementor-element-populated\">\n\t\t\t\t\t\t<div class=\"elementor-element elementor-element-bc54fd2 elementor-widget elementor-widget-tp-process\" data-id=\"bc54fd2\" data-element_type=\"widget\" data-widget_type=\"tp-process.default\">\n\t\t\t\t<div class=\"elementor-widget-container\">\n\t\t\t\t\t\r\n\r\n\r\n\r\n<div class=\"tp-feature__area\">\r\n    <div class=\"tp-feature__space\" data-background=\"\">\r\n        <div class=\"container\">\r\n            <div class=\"row\">\r\n                            <div class=\"col-xl-4 col-lg-4 mb-30 wow tpfadeUp\" data-wow-duration=\".9s\"\r\n                 data-wow-delay=\".3s\">\r\n                    <div class=\"tp-feature__wraper\">\r\n                                                                    <div class=\"tp-feature__item z-index\">\r\n                            <div class=\"tp-feature__content d-flex align-items-center justify-content-between\">\r\n                                                            <h4 class=\"tp-feature__title-sm\">Ateliers et s\u00e9minaires <br><\/h4>\r\n                                                            <div class=\"tp-feature__icon\">\r\n                                    <span>\r\n                                                                                                                    <svg class=\"ekit-svg-icon icon-clipboard1\" viewBox=\"0 0 32 32\" xmlns=\"http:\/\/www.w3.org\/2000\/svg\"><path d=\"M26.078 0.4h-20.156c-0.977 0-1.772 0.795-1.772 1.772v28.455c0 0.977 0.795 1.773 1.772 1.773h20.156c0.977 0 1.773-0.795 1.773-1.772v-28.455c0-0.977-0.795-1.772-1.773-1.772zM11.343 1.597h9.313v2.364c0 0.407-0.331 0.738-0.738 0.738h-7.838c-0.407 0-0.738-0.331-0.738-0.738v-2.364zM12.081 5.896h7.838c1.067 0 1.935-0.868 1.935-1.935v-0.21h2.645v19.88h-4.818c-0.331 0-0.599 0.268-0.599 0.599v4.818h-11.581v-25.297h2.645v0.21c0 1.067 0.868 1.935 1.935 1.935zM23.653 24.829l-3.373 3.373v-3.373h3.373zM26.653 30.628v0c-0 0.317-0.258 0.575-0.576 0.575h-20.156c-0.317 0-0.575-0.258-0.575-0.575v-28.455c0-0.317 0.258-0.575 0.575-0.575h4.224v0.958h-3.243c-0.331 0-0.599 0.268-0.599 0.599v26.494c0 0.331 0.268 0.599 0.598 0.599h12.778c0.159 0 0.311-0.063 0.423-0.175l5.417-5.417c0.112-0.112 0.175-0.264 0.175-0.423v-21.077c0-0.331-0.268-0.599-0.599-0.599h-3.244v-0.958h4.224c0.317 0 0.576 0.258 0.576 0.575v28.455zM18.799 3.382c0.006 0.014 0.005 0.011 0.002 0.005 0.030 0.070 0.073 0.136 0.128 0.189 0.225 0.231 0.621 0.231 0.846 0 0.341-0.331 0.145-0.924-0.312-1.011-0.46-0.088-0.834 0.382-0.665 0.813-0.003-0.007-0.005-0.011 0.001 0.004zM12.648 3.752h4.908c0.331 0 0.599-0.268 0.599-0.599s-0.268-0.599-0.599-0.599h-4.908c-0.331 0-0.598 0.268-0.598 0.599s0.268 0.599 0.598 0.599z\"><\/path><\/svg>                                                                                                                    <\/span>\r\n                                <\/div>\r\n                            <\/div>\r\n                                                        <div class=\"tp-feature__text\">\r\n                                <p>\"APPRENDRE POUR DIRIGER.\" <br>\nDes rencontres concr\u00e8tes pour booster vos comp\u00e9tences (prise de parole, gestion de projet, marketing digital, leadership...).\n Parce que le monde change vite et qu'une femme influente doit rester \u00e0 la pointe. Nos ateliers vous donnent les outils pratiques pour briller dans votre travail ou votre entreprise d\u00e8s le lendemain.\n\u200bFAID cr\u00e9era le lien avec des experts de haut niveau qui partageront leurs \"secrets de fabrication\".<\/p>\r\n                            <\/div>\r\n                                                    <\/div>\r\n                    <\/div>\r\n                <\/div>\r\n                                <div class=\"col-xl-4 col-lg-4 mb-30 wow tpfadeUp\" data-wow-duration=\".9s\"\r\n                 data-wow-delay=\".3s\">\r\n                    <div class=\"tp-feature__wraper\">\r\n                                                                    <div class=\"tp-feature__item z-index\">\r\n                            <div class=\"tp-feature__content d-flex align-items-center justify-content-between\">\r\n                                                            <h4 class=\"tp-feature__title-sm\">Promotion culturelle <br><\/h4>\r\n                                                            <div class=\"tp-feature__icon\">\r\n                                    <span>\r\n                                                                                                                    <svg class=\"ekit-svg-icon icon-bamboo-Leaf\" viewBox=\"0 0 31 32\" xmlns=\"http:\/\/www.w3.org\/2000\/svg\"><path d=\"M21.905 5.333h-4.254c-0.889 0-1.587 0.698-1.587 1.587v23.492c0 0.889 0.698 1.587 1.587 1.587h4.254c0.889 0 1.587-0.698 1.587-1.587v-3.556c1.079 1.587 2.921 2.476 4.825 2.476h2.667v-0.508c0-2.286-1.333-4.381-3.429-5.333 2.095-0.952 3.429-3.048 3.429-5.333v-0.508h-2.667c-1.905 0-3.683 0.952-4.825 2.54v-13.27c0-0.889-0.698-1.587-1.587-1.587zM22.413 21.905h-5.333v-6.984h5.333v6.984zM17.587 6.413h4.254c0.317 0 0.508 0.254 0.508 0.508v6.921h-5.333v-6.921c0.064-0.254 0.317-0.508 0.571-0.508zM22.413 30.413c0 0.317-0.254 0.508-0.508 0.508h-4.254c-0.317 0-0.508-0.254-0.508-0.508v-7.492h5.333v7.492zM29.841 28.254h-1.587c-2.476 0-4.508-1.841-4.762-4.254h1.587c2.476 0 4.508 1.841 4.762 4.254zM28.254 18.667h1.587c-0.254 2.413-2.349 4.254-4.762 4.254h-1.587c0.317-2.413 2.349-4.254 4.762-4.254z\"><\/path><path d=\"M0 21.905v0.508h2.667c1.905 0 3.683-0.952 4.825-2.476v10.54c0 0.889 0.698 1.587 1.587 1.587h4.254c0.889 0 1.587-0.698 1.587-1.587v-28.889c0-0.889-0.698-1.587-1.587-1.587h-4.254c-0.889 0-1.587 0.698-1.587 1.587v11.556c-1.079-1.587-2.857-2.476-4.825-2.54h-2.667v0.508c0 2.286 1.333 4.381 3.429 5.333-2.095 1.079-3.429 3.111-3.429 5.46zM8.508 12.825h5.333v9.079h-5.333v-9.079zM13.333 30.984h-4.254c-0.317 0-0.508-0.254-0.508-0.508v-7.556h5.333v7.492c0 0.317-0.254 0.571-0.571 0.571zM9.079 1.079h4.254c0.317 0 0.508 0.254 0.508 0.508v10.159h-5.333v-10.159c0-0.254 0.254-0.508 0.571-0.508zM1.079 11.746h1.587c2.476 0 4.508 1.841 4.762 4.254h-1.587c-2.413 0-4.444-1.841-4.762-4.254zM5.841 17.079h1.587c-0.254 2.413-2.349 4.254-4.762 4.254h-1.587c0.317-2.413 2.349-4.254 4.762-4.254z\"><\/path><path d=\"M11.746 2.159h1.079v8.508h-1.079v-8.508z\"><\/path><path d=\"M11.746 26.159h1.079v3.746h-1.079v-3.746z\"><\/path><path d=\"M11.746 24h1.079v1.079h-1.079v-1.079z\"><\/path><path d=\"M18.159 19.746h1.079v1.079h-1.079v-1.079z\"><\/path><path d=\"M18.159 26.159h1.079v3.746h-1.079v-3.746z\"><\/path><path d=\"M18.159 24h1.079v1.079h-1.079v-1.079z\"><\/path><\/svg>                                                                                                                    <\/span>\r\n                                <\/div>\r\n                            <\/div>\r\n                                                        <div class=\"tp-feature__text\">\r\n                                <p>\"FIERES DE NOS RACINES, PARTOUT.\"<br>\n\nDes \u00e9v\u00e9nements (expos, mode, gastronomie, Salon) qui mettent en avant la richesse et la diversit\u00e9 des cultures africaines.\nFAID, porte haut les couleurs de l'Afrique avec \u00e9l\u00e9gance. Nous montrons que l'influence passe aussi par l'art, le style et l'identit\u00e9. C'est notre mani\u00e8re de briller tout en restant fid\u00e8les \u00e0 qui nous sommes.\n\u200bParticiper \u00e0 des \u00e9v\u00e9nements prestigieux qui font rayonner notre h\u00e9ritage.<\/p>\r\n                            <\/div>\r\n                                                    <\/div>\r\n                    <\/div>\r\n                <\/div>\r\n                                <div class=\"col-xl-4 col-lg-4 mb-30 wow tpfadeUp\" data-wow-duration=\".9s\"\r\n                 data-wow-delay=\".3s\">\r\n                    <div class=\"tp-feature__wraper\">\r\n                                                                    <div class=\"tp-feature__item z-index\">\r\n                            <div class=\"tp-feature__content d-flex align-items-center justify-content-between\">\r\n                                                            <h4 class=\"tp-feature__title-sm\">R\u00e9seautage<br><\/h4>\r\n                                                            <div class=\"tp-feature__icon\">\r\n                                    <span>\r\n                                                                                                                    <i aria-hidden=\"true\" class=\"tp flaticon-agree\"><\/i>                                                                                                                    <\/span>\r\n                                <\/div>\r\n                            <\/div>\r\n                                                        <div class=\"tp-feature__text\">\r\n                                <p>\"VOTRE R\u00c9SEAU EST VOTRE FORCE.\"<br>\n\nDes cocktails, des ap\u00e9ros, des d\u00eeners, des pitch night, des rencontres privil\u00e9gi\u00e9es entre femmes qui partagent les m\u00eames d\u00e9fis.\nPour ne plus jamais vous sentir seule dans votre parcours. \u00c0 la FAID, vous rencontrez des partenaires, des clientes ou des alli\u00e9es. On ne se contente pas d'\u00e9changer des cartes de visite, on b\u00e2tit une famille d'affaires. On avance ensemble.\n\u200bFAID vous donne 'acc\u00e8s \u00e0 un carnet d'adresses international exclusif.<\/p>\r\n                            <\/div>\r\n                                                    <\/div>\r\n                    <\/div>\r\n                <\/div>\r\n                                <div class=\"col-xl-4 col-lg-4 mb-30 wow tpfadeUp\" data-wow-duration=\".9s\"\r\n                 data-wow-delay=\".3s\">\r\n                    <div class=\"tp-feature__wraper\">\r\n                                                                    <div class=\"tp-feature__item z-index\">\r\n                            <div class=\"tp-feature__content d-flex align-items-center justify-content-between\">\r\n                                                            <h4 class=\"tp-feature__title-sm\">Projets<br>Communautaires<\/h4>\r\n                                                            <div class=\"tp-feature__icon\">\r\n                                    <span>\r\n                                                                                                                    <i aria-hidden=\"true\" class=\"tp flaticon-people-1\"><\/i>                                                                                                                    <\/span>\r\n                                <\/div>\r\n                            <\/div>\r\n                                                        <div class=\"tp-feature__text\">\r\n                                <p>\"R\u00c9USSIR POUR SERVIR.\"<br>\n\nDes actions sociales concr\u00e8tes pour aider nos communaut\u00e9s quelque soit le domaine  (\u00e9ducation, sant\u00e9, soutien \u00e0 l'entrepreneuriat).\nParce que pour FAID, l'influence n'a de sens que si elle sert aux autres. En rejoignant la FAID, vous mettez votre talent au service de causes nobles. C'est ici que votre succ\u00e8s devient un impact r\u00e9el.\n\u200bFAID vous procure la satisfaction de voir les r\u00e9sultats de votre engagement sur le terrain, de vivre utile.<\/p>\r\n                            <\/div>\r\n                                                    <\/div>\r\n                    <\/div>\r\n                <\/div>\r\n                                <div class=\"col-xl-4 col-lg-4 mb-30 wow tpfadeUp\" data-wow-duration=\".9s\"\r\n                 data-wow-delay=\".3s\">\r\n                    <div class=\"tp-feature__wraper\">\r\n                                                                    <div class=\"tp-feature__item z-index\">\r\n                            <div class=\"tp-feature__content d-flex align-items-center justify-content-between\">\r\n                                                            <h4 class=\"tp-feature__title-sm\">Mentorat<br>&amp; Coaching<\/h4>\r\n                                                            <div class=\"tp-feature__icon\">\r\n                                    <span>\r\n                                                                                                                    <i aria-hidden=\"true\" class=\"fal fa-book-reader\"><\/i>                                                                                                                    <\/span>\r\n                                <\/div>\r\n                            <\/div>\r\n                                                        <div class=\"tp-feature__text\">\r\n                                <p>\u200b \"S'\u00c9LEVER GR\u00c2CE \u00c0 L'EXP\u00c9RIENCE.\"<br>\n\nUn accompagnement personnalis\u00e9 o\u00f9 une femme exp\u00e9riment\u00e9e (la Mentore) guide une s\u0153ur qui monte (la Mentor\u00e9e ou Mentee).\n Pour \u00e9viter les erreurs que d'autres ont d\u00e9j\u00e0 faites. Que vous soyez en plein doute ou en pleine croissance, nos coachs vous aident \u00e0 d\u00e9bloquer votre potentiel et \u00e0 franchir les \u00e9tapes plus vite.\n\u200bFAID b\u00e2tit une relation humaine forte bas\u00e9e sur la transmission et la bienveillance.<\/p>\r\n                            <\/div>\r\n                                                    <\/div>\r\n                    <\/div>\r\n                <\/div>\r\n                                <div class=\"col-xl-4 col-lg-4 mb-30 wow tpfadeUp\" data-wow-duration=\".9s\"\r\n                 data-wow-delay=\".3s\">\r\n                    <div class=\"tp-feature__wraper\">\r\n                                                                    <div class=\"tp-feature__item z-index\">\r\n                            <div class=\"tp-feature__content d-flex align-items-center justify-content-between\">\r\n                                                            <h4 class=\"tp-feature__title-sm\">Voyages d'affaires<br>&amp; Touristiques<\/h4>\r\n                                                            <div class=\"tp-feature__icon\">\r\n                                    <span>\r\n                                                                                                                    <svg class=\"ekit-svg-icon icon-earth\" viewBox=\"0 0 32 32\" xmlns=\"http:\/\/www.w3.org\/2000\/svg\"><path d=\"M27.314 4.686c-3.022-3.022-7.040-4.686-11.314-4.686s-8.292 1.664-11.314 4.686c-3.022 3.022-4.686 7.040-4.686 11.314s1.664 8.292 4.686 11.314c3.022 3.022 7.040 4.686 11.314 4.686s8.292-1.664 11.314-4.686c3.022-3.022 4.686-7.040 4.686-11.314s-1.664-8.292-4.686-11.314zM29.435 10.818c-0.312-0.562-1.095-0.829-2.12-1.177-1.099-0.374-1.488-1.504-1.937-2.812-0.39-1.136-0.794-2.309-1.752-3.039 2.622 1.643 4.679 4.106 5.81 7.028zM24.945 16.305c0.121 1.084 0.246 2.205-1.099 3.715-0.363 0.408-0.576 0.976-0.802 1.578-0.522 1.393-1.015 2.71-3.114 2.729-0.059-0.071-0.226-0.335-0.374-1.173-0.136-0.772-0.215-1.769-0.299-2.825-0.128-1.62-0.273-3.456-0.673-4.979-0.512-1.948-1.371-3.098-2.626-3.517-0.548-0.183-1.107-0.272-1.709-0.272-0.444 0-0.848 0.048-1.204 0.089-0.277 0.033-0.539 0.064-0.761 0.064 0 0-0 0-0 0-0.375 0-0.799 0-1.321-1.197-0.751-1.72-0.197-4.477 2.006-5.931 1.208-0.797 2.042-1.137 2.787-1.137 0.595 0 1.237 0.207 2.148 0.692 1.076 0.573 1.918 0.646 2.532 0.646 0.243 0 0.464-0.013 0.678-0.026 0.179-0.011 0.348-0.021 0.504-0.021 0.352 0 0.637 0.046 0.971 0.274 0.616 0.421 0.936 1.35 1.273 2.333 0.512 1.491 1.093 3.181 2.936 3.807 0.248 0.084 0.674 0.229 0.976 0.355-0.26 0.269-0.696 0.658-1.122 1.039-0.275 0.246-0.587 0.524-0.933 0.839-0.999 0.91-0.88 1.976-0.775 2.915zM1.602 15.877c0.172 0.031 0.359 0.067 0.55 0.108 0.899 0.192 1.32 0.365 1.504 0.462-0.085 0.165-0.256 0.408-0.369 0.569-0.396 0.562-0.889 1.261-0.701 2.031 0.126 0.519 0.020 1.157-0.164 1.746-0.531-1.5-0.821-3.113-0.821-4.793 0-0.041 0.001-0.082 0.002-0.123zM16 30.4c-5.481 0-10.255-3.078-12.688-7.596 0.419-0.799 1.197-2.564 0.834-4.111 0.025-0.155 0.289-0.53 0.448-0.756 0.434-0.615 0.973-1.381 0.573-2.192-0.28-0.569-1.030-0.954-2.506-1.287-0.342-0.077-0.675-0.14-0.958-0.188 0.857-7.128 6.941-12.671 14.296-12.671 2.524 0 4.898 0.654 6.963 1.799-0.51-0.223-0.974-0.258-1.344-0.258-0.204 0-0.405 0.012-0.599 0.023-0.19 0.011-0.387 0.023-0.583 0.023-0.454 0-1.021-0.054-1.78-0.458-1.158-0.617-2.025-0.88-2.9-0.88-1.082 0-2.179 0.419-3.669 1.402-1.287 0.849-2.257 2.149-2.731 3.66-0.462 1.474-0.412 2.982 0.139 4.246 0.651 1.492 1.511 2.157 2.788 2.157 0 0 0 0 0 0 0.315 0 0.623-0.036 0.948-0.075 0.328-0.039 0.666-0.079 1.016-0.079 0.433 0 0.815 0.060 1.202 0.189 0.703 0.235 1.221 1.022 1.585 2.406s0.503 3.145 0.626 4.698c0.102 1.295 0.199 2.519 0.412 3.441 0.129 0.56 0.297 0.986 0.512 1.301 0.321 0.471 0.782 0.73 1.298 0.73 1.415 0 2.545-0.456 3.358-1.355 0.677-0.748 1.023-1.671 1.3-2.412 0.164-0.438 0.333-0.89 0.498-1.075 1.819-2.043 1.631-3.727 1.494-4.956-0.101-0.903-0.103-1.223 0.263-1.556 0.34-0.309 0.648-0.585 0.92-0.828 0.58-0.518 1-0.892 1.294-1.213 0.202-0.221 0.675-0.737 0.544-1.384-0.001-0.006-0.003-0.011-0.004-0.017 0.549 1.522 0.849 3.162 0.849 4.87 0 7.94-6.46 14.4-14.4 14.4z\"><\/path><\/svg>                                                                                                                    <\/span>\r\n                                <\/div>\r\n                            <\/div>\r\n                                                        <div class=\"tp-feature__text\">\r\n                                <p>Des s\u00e9jours immersifs en Afrique sont propos\u00e9s aux membres pour d\u00e9couvrir les meilleurs opportunit\u00e9s d'affaires et  pour faire des d\u00e9couvertes tourisques dans le but de cr\u00e9er la coh\u00e9sion sociales entres les femmes africaines vivant dans un pays d'accueil et celles rest\u00e9s au pays.<\/p>\r\n                            <\/div>\r\n                                                    <\/div>\r\n                    <\/div>\r\n                <\/div>\r\n                                <div class=\"col-xl-4 col-lg-4 mb-30 wow tpfadeUp\" data-wow-duration=\".9s\"\r\n                 data-wow-delay=\".3s\">\r\n                    <div class=\"tp-feature__wraper\">\r\n                                                                    <div class=\"tp-feature__item z-index\">\r\n                            <div class=\"tp-feature__content d-flex align-items-center justify-content-between\">\r\n                                                            <h4 class=\"tp-feature__title-sm\">Webinaire<\/h4>\r\n                                                            <div class=\"tp-feature__icon\">\r\n                                    <span>\r\n                                                                                                                    <svg class=\"ekit-svg-icon icon-laptop1\" viewBox=\"0 0 32 32\" xmlns=\"http:\/\/www.w3.org\/2000\/svg\"><path d=\"M26.428 8.676h-20.856c-0.38 0-0.689 0.308-0.689 0.689v10.402c0 0.38 0.308 0.689 0.689 0.689s0.689-0.308 0.689-0.689v-9.713h19.478v9.713c0 0.38 0.308 0.689 0.689 0.689s0.689-0.308 0.689-0.689v-10.402c-0-0.38-0.308-0.689-0.689-0.689zM31.38 22.225h-1.268v-14.463c0-1.148-0.934-2.082-2.082-2.082h-24.060c-1.148 0-2.082 0.934-2.082 2.082v14.463h-1.268c-0.342 0-0.62 0.277-0.62 0.62v1.217c0 1.686 1.372 3.058 3.058 3.058h25.884c1.686 0 3.058-1.372 3.058-3.058v-1.217c0-0.342-0.277-0.62-0.62-0.62zM3.266 7.762c0-0.388 0.316-0.704 0.704-0.704h24.060c0.389 0 0.704 0.316 0.704 0.704v14.463h-9.325c-0.044-0.001-0.089 0.002-0.134 0.011-0.292 0.056-0.503 0.311-0.503 0.609 0 0.523-0.426 0.949-0.949 0.949h-3.648c-0.523 0-0.949-0.426-0.949-0.949 0-0.347-0.288-0.627-0.634-0.62h-9.328v-14.463zM30.76 24.062v0c0 1.003-0.816 1.818-1.818 1.818h-25.885c-1.002 0-1.818-0.816-1.818-1.818v-0.597h10.838c0.268 0.906 1.107 1.568 2.099 1.568h3.648c0.991 0 1.831-0.663 2.099-1.568h10.838v0.597zM17.021 12.679c-0.269-0.269-0.705-0.269-0.974 0l-4.331 4.331c-0.269 0.269-0.269 0.705 0 0.974 0.134 0.134 0.311 0.202 0.487 0.202s0.352-0.067 0.487-0.202l4.331-4.331c0.269-0.269 0.269-0.705 0-0.974zM19.588 15.189c-0.269-0.269-0.705-0.269-0.974 0l-1.725 1.725c-0.269 0.269-0.269 0.705 0 0.974 0.134 0.134 0.311 0.202 0.487 0.202s0.352-0.067 0.487-0.202l1.725-1.725c0.269-0.269 0.269-0.705 0-0.974z\"><\/path><\/svg>                                                                                                                    <\/span>\r\n                                <\/div>\r\n                            <\/div>\r\n                                                        <div class=\"tp-feature__text\">\r\n                                <p>Des rendez-vous en ligne sont organis\u00e9s par th\u00e9matique par des professionnelles: formations, retours d'exp\u00e9riences, ateliers th\u00e9matiques etc.<\/p>\r\n                            <\/div>\r\n                                                    <\/div>\r\n                    <\/div>\r\n                <\/div>\r\n                            <\/div>\r\n        <\/div>\r\n    <\/div>\r\n<\/div>\r\n\r\n\t\t\t\t<\/div>\n\t\t\t\t<\/div>\n\t\t\t\t\t<\/div>\n\t\t<\/div>\n\t\t\t\t\t<\/div>\n\t\t<\/section>\n\t\t\t\t<\/div>\n\t\t","protected":false},"excerpt":{"rendered":"<p>Ateliers et s\u00e9minaires \u00ab\u00a0APPRENDRE POUR DIRIGER.\u00a0\u00bb Des rencontres concr\u00e8tes pour booster vos comp\u00e9tences (prise de parole, gestion de projet, marketing digital, leadership&#8230;). Parce que le monde change vite et qu&rsquo;une femme influente doit rester \u00e0 la pointe. Nos ateliers vous donnent les outils pratiques pour briller dans votre travail ou votre entreprise d\u00e8s le lendemain. [&hellip;]<\/p>\n","protected":false},"author":1,"featured_media":0,"parent":0,"menu_order":0,"comment_status":"closed","ping_status":"closed","template":"elementor_header_footer","meta":{"_monsterinsights_skip_tracking":false,"_monsterinsights_sitenote_active":false,"_monsterinsights_sitenote_note":"","_monsterinsights_sitenote_category":0,"footnotes":""},"class_list":["post-4687","page","type-page","status-publish","hentry"],"aioseo_notices":[],"_links":{"self":[{"href":"https:\/\/www.a-faid.org\/index.php\/wp-json\/wp\/v2\/pages\/4687","targetHints":{"allow":["GET"]}}],"collection":[{"href":"https:\/\/www.a-faid.org\/index.php\/wp-json\/wp\/v2\/pages"}],"about":[{"href":"https:\/\/www.a-faid.org\/index.php\/wp-json\/wp\/v2\/types\/page"}],"author":[{"embeddable":true,"href":"https:\/\/www.a-faid.org\/index.php\/wp-json\/wp\/v2\/users\/1"}],"replies":[{"embeddable":true,"href":"https:\/\/www.a-faid.org\/index.php\/wp-json\/wp\/v2\/comments?post=4687"}],"version-history":[{"count":10,"href":"https:\/\/www.a-faid.org\/index.php\/wp-json\/wp\/v2\/pages\/4687\/revisions"}],"predecessor-version":[{"id":4989,"href":"https:\/\/www.a-faid.org\/index.php\/wp-json\/wp\/v2\/pages\/4687\/revisions\/4989"}],"wp:attachment":[{"href":"https:\/\/www.a-faid.org\/index.php\/wp-json\/wp\/v2\/media?parent=4687"}],"curies":[{"name":"wp","href":"https:\/\/api.w.org\/{rel}","templated":true}]}}