{"id":4644,"date":"2025-10-28T14:42:40","date_gmt":"2025-10-28T14:42:40","guid":{"rendered":"https:\/\/www.a-faid.org\/?page_id=4644"},"modified":"2025-10-31T09:08:31","modified_gmt":"2025-10-31T09:08:31","slug":"notre-reseau","status":"publish","type":"page","link":"https:\/\/www.a-faid.org\/index.php\/notre-reseau\/","title":{"rendered":"Notre r\u00e9seau"},"content":{"rendered":"\t\t<div data-elementor-type=\"wp-page\" data-elementor-id=\"4644\" class=\"elementor elementor-4644\">\n\t\t\t\t<div class=\"elementor-element elementor-element-0e59820 e-flex e-con-boxed e-con e-parent\" data-id=\"0e59820\" data-element_type=\"container\">\n\t\t\t\t\t<div class=\"e-con-inner\">\n\t\t\t\t<div class=\"elementor-element elementor-element-cac34ac elementor-widget elementor-widget-spacer\" data-id=\"cac34ac\" data-element_type=\"widget\" data-widget_type=\"spacer.default\">\n\t\t\t\t\t\t\t<div class=\"elementor-spacer\">\n\t\t\t<div class=\"elementor-spacer-inner\"><\/div>\n\t\t<\/div>\n\t\t\t\t\t\t<\/div>\n\t\t\t\t\t<\/div>\n\t\t\t\t<\/div>\n\t\t<div class=\"elementor-element elementor-element-1349d00 e-con-full e-flex e-con e-parent\" data-id=\"1349d00\" data-element_type=\"container\">\n\t\t\t\t<div class=\"elementor-element elementor-element-926aeab elementor-widget elementor-widget-image\" data-id=\"926aeab\" data-element_type=\"widget\" data-widget_type=\"image.default\">\n\t\t\t\t\t\t\t\t\t\t\t\t\t\t\t<img fetchpriority=\"high\" decoding=\"async\" width=\"1600\" height=\"586\" src=\"https:\/\/www.a-faid.org\/wp-content\/uploads\/2025\/10\/mappemonde3.png\" class=\"attachment-full size-full wp-image-4789\" alt=\"\" srcset=\"https:\/\/www.a-faid.org\/wp-content\/uploads\/2025\/10\/mappemonde3.png 1600w, https:\/\/www.a-faid.org\/wp-content\/uploads\/2025\/10\/mappemonde3-300x110.png 300w, https:\/\/www.a-faid.org\/wp-content\/uploads\/2025\/10\/mappemonde3-1024x375.png 1024w, https:\/\/www.a-faid.org\/wp-content\/uploads\/2025\/10\/mappemonde3-768x281.png 768w, https:\/\/www.a-faid.org\/wp-content\/uploads\/2025\/10\/mappemonde3-1536x563.png 1536w, https:\/\/www.a-faid.org\/wp-content\/uploads\/2025\/10\/mappemonde3-600x220.png 600w\" sizes=\"(max-width: 1600px) 100vw, 1600px\" \/>\t\t\t\t\t\t\t\t\t\t\t\t\t\t\t<\/div>\n\t\t\t\t<div class=\"elementor-element elementor-element-e5d72ac elementor-widget elementor-widget-spacer\" data-id=\"e5d72ac\" data-element_type=\"widget\" data-widget_type=\"spacer.default\">\n\t\t\t\t\t\t\t<div class=\"elementor-spacer\">\n\t\t\t<div class=\"elementor-spacer-inner\"><\/div>\n\t\t<\/div>\n\t\t\t\t\t\t<\/div>\n\t\t\t\t<\/div>\n\t\t<div class=\"elementor-element elementor-element-3cbdbf3 e-flex e-con-boxed e-con e-parent\" data-id=\"3cbdbf3\" data-element_type=\"container\">\n\t\t\t\t\t<div class=\"e-con-inner\">\n\t\t<div class=\"elementor-element elementor-element-a5c8934 e-con-full e-flex e-con e-child\" data-id=\"a5c8934\" data-element_type=\"container\">\n\t\t\t\t<div class=\"elementor-element elementor-element-346db13 elementor-widget elementor-widget-image\" data-id=\"346db13\" data-element_type=\"widget\" data-widget_type=\"image.default\">\n\t\t\t\t\t\t\t\t\t\t\t\t\t\t\t<img decoding=\"async\" width=\"300\" height=\"300\" src=\"https:\/\/www.a-faid.org\/wp-content\/uploads\/2025\/10\/map-amerique.png\" class=\"attachment-medium size-medium wp-image-4816\" alt=\"\" srcset=\"https:\/\/www.a-faid.org\/wp-content\/uploads\/2025\/10\/map-amerique.png 301w, https:\/\/www.a-faid.org\/wp-content\/uploads\/2025\/10\/map-amerique-150x150.png 150w, https:\/\/www.a-faid.org\/wp-content\/uploads\/2025\/10\/map-amerique-100x100.png 100w\" sizes=\"(max-width: 300px) 100vw, 300px\" \/>\t\t\t\t\t\t\t\t\t\t\t\t\t\t\t<\/div>\n\t\t\t\t<\/div>\n\t\t<div class=\"elementor-element elementor-element-f2d252d e-con-full e-flex e-con e-child\" data-id=\"f2d252d\" data-element_type=\"container\">\n\t\t<div class=\"elementor-element elementor-element-4d51cc3 e-con-full e-flex e-con e-child\" data-id=\"4d51cc3\" data-element_type=\"container\">\n\t\t\t\t<div class=\"elementor-element elementor-element-6c5e151 elementor-widget elementor-widget-heading\" data-id=\"6c5e151\" data-element_type=\"widget\" data-widget_type=\"heading.default\">\n\t\t\t\t\t<h2 class=\"elementor-heading-title elementor-size-default\">Am\u00e9rique du Nord<\/h2>\t\t\t\t<\/div>\n\t\t\t\t<\/div>\n\t\t<div class=\"elementor-element elementor-element-dc9ca0c e-con-full e-flex e-con e-child\" data-id=\"dc9ca0c\" data-element_type=\"container\">\n\t\t\t\t<div class=\"elementor-element elementor-element-d380d32 elementor-widget elementor-widget-text-editor\" data-id=\"d380d32\" data-element_type=\"widget\" data-widget_type=\"text-editor.default\">\n\t\t\t\t\t\t\t\t\t<ol><li>\u00c9tas Unis d&rsquo;Am\u00e9rique<\/li><\/ol>\t\t\t\t\t\t\t\t<\/div>\n\t\t\t\t<\/div>\n\t\t\t\t<\/div>\n\t\t\t\t\t<\/div>\n\t\t\t\t<\/div>\n\t\t<div class=\"elementor-element elementor-element-2ee6da9 e-flex e-con-boxed e-con e-parent\" data-id=\"2ee6da9\" data-element_type=\"container\">\n\t\t\t\t\t<div class=\"e-con-inner\">\n\t\t<div class=\"elementor-element elementor-element-1140d25 e-con-full e-flex e-con e-child\" data-id=\"1140d25\" data-element_type=\"container\">\n\t\t\t\t<div class=\"elementor-element elementor-element-eaad87a elementor-widget elementor-widget-image\" data-id=\"eaad87a\" data-element_type=\"widget\" data-widget_type=\"image.default\">\n\t\t\t\t\t\t\t\t\t\t\t\t\t\t\t<img decoding=\"async\" width=\"300\" height=\"300\" src=\"https:\/\/www.a-faid.org\/wp-content\/uploads\/2025\/10\/map-europe.png\" class=\"attachment-medium size-medium wp-image-4814\" alt=\"\" srcset=\"https:\/\/www.a-faid.org\/wp-content\/uploads\/2025\/10\/map-europe.png 301w, https:\/\/www.a-faid.org\/wp-content\/uploads\/2025\/10\/map-europe-150x150.png 150w, https:\/\/www.a-faid.org\/wp-content\/uploads\/2025\/10\/map-europe-100x100.png 100w\" sizes=\"(max-width: 300px) 100vw, 300px\" \/>\t\t\t\t\t\t\t\t\t\t\t\t\t\t\t<\/div>\n\t\t\t\t<\/div>\n\t\t<div class=\"elementor-element elementor-element-7310b11 e-con-full e-flex e-con e-child\" data-id=\"7310b11\" data-element_type=\"container\">\n\t\t<div class=\"elementor-element elementor-element-4d8e7ba e-con-full e-flex e-con e-child\" data-id=\"4d8e7ba\" data-element_type=\"container\">\n\t\t\t\t<div class=\"elementor-element elementor-element-30e6852 elementor-widget elementor-widget-heading\" data-id=\"30e6852\" data-element_type=\"widget\" data-widget_type=\"heading.default\">\n\t\t\t\t\t<h2 class=\"elementor-heading-title elementor-size-default\">Europe<\/h2>\t\t\t\t<\/div>\n\t\t\t\t<\/div>\n\t\t<div class=\"elementor-element elementor-element-bc5efb0 e-con-full e-flex e-con e-child\" data-id=\"bc5efb0\" data-element_type=\"container\">\n\t\t\t\t<div class=\"elementor-element elementor-element-fb971dc elementor-widget elementor-widget-text-editor\" data-id=\"fb971dc\" data-element_type=\"widget\" data-widget_type=\"text-editor.default\">\n\t\t\t\t\t\t\t\t\t<ol><li>Allemagne<\/li><li>Belgique<\/li><li>Espagne<\/li><li>France<\/li><li>Italie<\/li><li>Portugal<\/li><li>Royaume-Uni<\/li><li>Su\u00e8de<\/li><\/ol>\t\t\t\t\t\t\t\t<\/div>\n\t\t\t\t<\/div>\n\t\t\t\t<\/div>\n\t\t\t\t\t<\/div>\n\t\t\t\t<\/div>\n\t\t<div class=\"elementor-element elementor-element-b4640ef e-flex e-con-boxed e-con e-parent\" data-id=\"b4640ef\" data-element_type=\"container\">\n\t\t\t\t\t<div class=\"e-con-inner\">\n\t\t<div class=\"elementor-element elementor-element-27e7c02 e-con-full e-flex e-con e-child\" data-id=\"27e7c02\" data-element_type=\"container\">\n\t\t\t\t<div class=\"elementor-element elementor-element-7c05fdd elementor-widget elementor-widget-image\" data-id=\"7c05fdd\" data-element_type=\"widget\" data-widget_type=\"image.default\">\n\t\t\t\t\t\t\t\t\t\t\t\t\t\t\t<img loading=\"lazy\" decoding=\"async\" width=\"300\" height=\"300\" src=\"https:\/\/www.a-faid.org\/wp-content\/uploads\/2025\/10\/map-af-nord.png\" class=\"attachment-medium size-medium wp-image-4813\" alt=\"\" srcset=\"https:\/\/www.a-faid.org\/wp-content\/uploads\/2025\/10\/map-af-nord.png 301w, https:\/\/www.a-faid.org\/wp-content\/uploads\/2025\/10\/map-af-nord-150x150.png 150w, https:\/\/www.a-faid.org\/wp-content\/uploads\/2025\/10\/map-af-nord-100x100.png 100w\" sizes=\"(max-width: 300px) 100vw, 300px\" \/>\t\t\t\t\t\t\t\t\t\t\t\t\t\t\t<\/div>\n\t\t\t\t<\/div>\n\t\t<div class=\"elementor-element elementor-element-565c681 e-con-full e-flex e-con e-child\" data-id=\"565c681\" data-element_type=\"container\">\n\t\t<div class=\"elementor-element elementor-element-1656307 e-con-full e-flex e-con e-child\" data-id=\"1656307\" data-element_type=\"container\">\n\t\t\t\t<div class=\"elementor-element elementor-element-d538715 elementor-widget elementor-widget-heading\" data-id=\"d538715\" data-element_type=\"widget\" data-widget_type=\"heading.default\">\n\t\t\t\t\t<h2 class=\"elementor-heading-title elementor-size-default\">Afrique du Nord<\/h2>\t\t\t\t<\/div>\n\t\t\t\t<\/div>\n\t\t<div class=\"elementor-element elementor-element-4eacae1 e-con-full e-flex e-con e-child\" data-id=\"4eacae1\" data-element_type=\"container\">\n\t\t\t\t<div class=\"elementor-element elementor-element-70e0f78 elementor-widget elementor-widget-text-editor\" data-id=\"70e0f78\" data-element_type=\"widget\" data-widget_type=\"text-editor.default\">\n\t\t\t\t\t\t\t\t\t<ol><li>Maroc<\/li><li>Tunisie<\/li><\/ol>\t\t\t\t\t\t\t\t<\/div>\n\t\t\t\t<\/div>\n\t\t\t\t<\/div>\n\t\t\t\t\t<\/div>\n\t\t\t\t<\/div>\n\t\t<div class=\"elementor-element elementor-element-fcbf355 e-flex e-con-boxed e-con e-parent\" data-id=\"fcbf355\" data-element_type=\"container\">\n\t\t\t\t\t<div class=\"e-con-inner\">\n\t\t<div class=\"elementor-element elementor-element-3d8f287 e-con-full e-flex e-con e-child\" data-id=\"3d8f287\" data-element_type=\"container\">\n\t\t\t\t<div class=\"elementor-element elementor-element-7fc8c57 elementor-widget elementor-widget-image\" data-id=\"7fc8c57\" data-element_type=\"widget\" data-widget_type=\"image.default\">\n\t\t\t\t\t\t\t\t\t\t\t\t\t\t\t<img loading=\"lazy\" decoding=\"async\" width=\"300\" height=\"300\" src=\"https:\/\/www.a-faid.org\/wp-content\/uploads\/2025\/10\/map-ouest.png\" class=\"attachment-medium size-medium wp-image-4815\" alt=\"\" srcset=\"https:\/\/www.a-faid.org\/wp-content\/uploads\/2025\/10\/map-ouest.png 301w, https:\/\/www.a-faid.org\/wp-content\/uploads\/2025\/10\/map-ouest-150x150.png 150w, https:\/\/www.a-faid.org\/wp-content\/uploads\/2025\/10\/map-ouest-100x100.png 100w\" sizes=\"(max-width: 300px) 100vw, 300px\" \/>\t\t\t\t\t\t\t\t\t\t\t\t\t\t\t<\/div>\n\t\t\t\t<\/div>\n\t\t<div class=\"elementor-element elementor-element-cc515d1 e-con-full e-flex e-con e-child\" data-id=\"cc515d1\" data-element_type=\"container\">\n\t\t<div class=\"elementor-element elementor-element-9f82a45 e-con-full e-flex e-con e-child\" data-id=\"9f82a45\" data-element_type=\"container\">\n\t\t\t\t<div class=\"elementor-element elementor-element-3f881ad elementor-widget elementor-widget-heading\" data-id=\"3f881ad\" data-element_type=\"widget\" data-widget_type=\"heading.default\">\n\t\t\t\t\t<h2 class=\"elementor-heading-title elementor-size-default\">Afrique de l'Ouest<\/h2>\t\t\t\t<\/div>\n\t\t\t\t<\/div>\n\t\t<div class=\"elementor-element elementor-element-61f7d26 e-con-full e-flex e-con e-child\" data-id=\"61f7d26\" data-element_type=\"container\">\n\t\t\t\t<div class=\"elementor-element elementor-element-3c15464 elementor-widget elementor-widget-text-editor\" data-id=\"3c15464\" data-element_type=\"widget\" data-widget_type=\"text-editor.default\">\n\t\t\t\t\t\t\t\t\t<ol><li>C\u00f4te d\u2019Ivoire<\/li><li>S\u00e9n\u00e9gal<\/li><li>Gambie<\/li><li>Mali<\/li><li>Burkina Faso<\/li><li>Guin\u00e9e-Conakry<\/li><li>Ghana<\/li><li>Togo<\/li><li>B\u00e9nin<\/li><li>Nigeria<\/li><\/ol>\t\t\t\t\t\t\t\t<\/div>\n\t\t\t\t<\/div>\n\t\t\t\t<\/div>\n\t\t\t\t\t<\/div>\n\t\t\t\t<\/div>\n\t\t<div class=\"elementor-element elementor-element-f776825 e-flex e-con-boxed e-con e-parent\" data-id=\"f776825\" data-element_type=\"container\">\n\t\t\t\t\t<div class=\"e-con-inner\">\n\t\t<div class=\"elementor-element elementor-element-c5f94db e-con-full e-flex e-con e-child\" data-id=\"c5f94db\" data-element_type=\"container\">\n\t\t\t\t<div class=\"elementor-element elementor-element-8245216 elementor-widget elementor-widget-image\" data-id=\"8245216\" data-element_type=\"widget\" data-widget_type=\"image.default\">\n\t\t\t\t\t\t\t\t\t\t\t\t\t\t\t<img loading=\"lazy\" decoding=\"async\" width=\"300\" height=\"300\" src=\"https:\/\/www.a-faid.org\/wp-content\/uploads\/2025\/10\/map-af-centrale.png\" class=\"attachment-medium size-medium wp-image-4812\" alt=\"\" srcset=\"https:\/\/www.a-faid.org\/wp-content\/uploads\/2025\/10\/map-af-centrale.png 301w, https:\/\/www.a-faid.org\/wp-content\/uploads\/2025\/10\/map-af-centrale-150x150.png 150w, https:\/\/www.a-faid.org\/wp-content\/uploads\/2025\/10\/map-af-centrale-100x100.png 100w\" sizes=\"(max-width: 300px) 100vw, 300px\" \/>\t\t\t\t\t\t\t\t\t\t\t\t\t\t\t<\/div>\n\t\t\t\t<\/div>\n\t\t<div class=\"elementor-element elementor-element-5d13e63 e-con-full e-flex e-con e-child\" data-id=\"5d13e63\" data-element_type=\"container\">\n\t\t<div class=\"elementor-element elementor-element-a691b0f e-con-full e-flex e-con e-child\" data-id=\"a691b0f\" data-element_type=\"container\">\n\t\t\t\t<div class=\"elementor-element elementor-element-860ab42 elementor-widget elementor-widget-heading\" data-id=\"860ab42\" data-element_type=\"widget\" data-widget_type=\"heading.default\">\n\t\t\t\t\t<h2 class=\"elementor-heading-title elementor-size-default\">Afrique centrale<\/h2>\t\t\t\t<\/div>\n\t\t\t\t<\/div>\n\t\t<div class=\"elementor-element elementor-element-2f2927a e-con-full e-flex e-con e-child\" data-id=\"2f2927a\" data-element_type=\"container\">\n\t\t\t\t<div class=\"elementor-element elementor-element-68b6368 elementor-widget elementor-widget-text-editor\" data-id=\"68b6368\" data-element_type=\"widget\" data-widget_type=\"text-editor.default\">\n\t\t\t\t\t\t\t\t\t<ol><li>Cameroun<\/li><li>Gabon<\/li><li>R\u00e9publique D\u00e9mocratique du Congo<\/li><li>R\u00e9publique du Congo<\/li><\/ol>\t\t\t\t\t\t\t\t<\/div>\n\t\t\t\t<\/div>\n\t\t\t\t<\/div>\n\t\t\t\t\t<\/div>\n\t\t\t\t<\/div>\n\t\t<div class=\"elementor-element elementor-element-c5841b7 e-flex e-con-boxed e-con e-parent\" data-id=\"c5841b7\" data-element_type=\"container\">\n\t\t\t\t\t<div class=\"e-con-inner\">\n\t\t\t\t<div class=\"elementor-element elementor-element-806ac64 elementor-widget elementor-widget-spacer\" data-id=\"806ac64\" data-element_type=\"widget\" data-widget_type=\"spacer.default\">\n\t\t\t\t\t\t\t<div class=\"elementor-spacer\">\n\t\t\t<div class=\"elementor-spacer-inner\"><\/div>\n\t\t<\/div>\n\t\t\t\t\t\t<\/div>\n\t\t\t\t\t<\/div>\n\t\t\t\t<\/div>\n\t\t\t\t<\/div>\n\t\t","protected":false},"excerpt":{"rendered":"<p>Am\u00e9rique du Nord \u00c9tas Unis d&rsquo;Am\u00e9rique Europe Allemagne Belgique Espagne France Italie Portugal Royaume-Uni Su\u00e8de Afrique du Nord Maroc Tunisie Afrique de l&rsquo;Ouest C\u00f4te d\u2019Ivoire S\u00e9n\u00e9gal Gambie Mali Burkina Faso Guin\u00e9e-Conakry Ghana Togo B\u00e9nin Nigeria Afrique centrale Cameroun Gabon R\u00e9publique D\u00e9mocratique du Congo R\u00e9publique du Congo<\/p>\n","protected":false},"author":1,"featured_media":0,"parent":0,"menu_order":0,"comment_status":"closed","ping_status":"closed","template":"elementor_header_footer","meta":{"_monsterinsights_skip_tracking":false,"_monsterinsights_sitenote_active":false,"_monsterinsights_sitenote_note":"","_monsterinsights_sitenote_category":0,"footnotes":""},"class_list":["post-4644","page","type-page","status-publish","hentry"],"aioseo_notices":[],"_links":{"self":[{"href":"https:\/\/www.a-faid.org\/index.php\/wp-json\/wp\/v2\/pages\/4644","targetHints":{"allow":["GET"]}}],"collection":[{"href":"https:\/\/www.a-faid.org\/index.php\/wp-json\/wp\/v2\/pages"}],"about":[{"href":"https:\/\/www.a-faid.org\/index.php\/wp-json\/wp\/v2\/types\/page"}],"author":[{"embeddable":true,"href":"https:\/\/www.a-faid.org\/index.php\/wp-json\/wp\/v2\/users\/1"}],"replies":[{"embeddable":true,"href":"https:\/\/www.a-faid.org\/index.php\/wp-json\/wp\/v2\/comments?post=4644"}],"version-history":[{"count":12,"href":"https:\/\/www.a-faid.org\/index.php\/wp-json\/wp\/v2\/pages\/4644\/revisions"}],"predecessor-version":[{"id":4827,"href":"https:\/\/www.a-faid.org\/index.php\/wp-json\/wp\/v2\/pages\/4644\/revisions\/4827"}],"wp:attachment":[{"href":"https:\/\/www.a-faid.org\/index.php\/wp-json\/wp\/v2\/media?parent=4644"}],"curies":[{"name":"wp","href":"https:\/\/api.w.org\/{rel}","templated":true}]}}