{"id":4480,"date":"2025-10-16T04:35:26","date_gmt":"2025-10-16T04:35:26","guid":{"rendered":"https:\/\/www.a-faid.org\/?page_id=4480"},"modified":"2026-01-16T08:22:30","modified_gmt":"2026-01-16T08:22:30","slug":"video","status":"publish","type":"page","link":"https:\/\/www.a-faid.org\/index.php\/video\/","title":{"rendered":"Video"},"content":{"rendered":"\t\t<div data-elementor-type=\"wp-page\" data-elementor-id=\"4480\" class=\"elementor elementor-4480\">\n\t\t\t\t<div class=\"elementor-element elementor-element-ff3d932 e-grid e-con-full e-con e-parent\" data-id=\"ff3d932\" data-element_type=\"container\">\n\t\t\t\t<div class=\"elementor-element elementor-element-f68e0bd elementor-widget elementor-widget-video\" data-id=\"f68e0bd\" data-element_type=\"widget\" data-settings=\"{&quot;youtube_url&quot;:&quot;https:\\\/\\\/youtu.be\\\/V3LNnCq5-wQ&quot;,&quot;video_type&quot;:&quot;youtube&quot;,&quot;controls&quot;:&quot;yes&quot;}\" data-widget_type=\"video.default\">\n\t\t\t\t\t\t\t<div class=\"elementor-wrapper elementor-open-inline\">\n\t\t\t<div class=\"elementor-video\"><\/div>\t\t<\/div>\n\t\t\t\t\t\t<\/div>\n\t\t\t\t<div class=\"elementor-element elementor-element-f1f1114 elementor-widget elementor-widget-text-editor\" data-id=\"f1f1114\" data-element_type=\"widget\" data-widget_type=\"text-editor.default\">\n\t\t\t\t\t\t\t\t\t<p><strong>Actions sociales FAID<\/strong><br \/>Enfants malades du cancer du CHU de Treichville<br \/>Enfants autistes du centre sp\u00e9cialis\u00e9 Don Orione d&rsquo;Anyaman<br \/>C\u00f4te d&rsquo;Ivoire<\/p>\t\t\t\t\t\t\t\t<\/div>\n\t\t\t\t<\/div>\n\t\t<div class=\"elementor-element elementor-element-55adc72 e-grid e-con-full e-con e-parent\" data-id=\"55adc72\" data-element_type=\"container\">\n\t\t\t\t<\/div>\n\t\t\t\t<\/div>\n\t\t","protected":false},"excerpt":{"rendered":"<p>https:\/\/youtu.be\/V3LNnCq5-wQ Actions sociales FAIDEnfants malades du cancer du CHU de TreichvilleEnfants autistes du centre sp\u00e9cialis\u00e9 Don Orione d&rsquo;AnyamanC\u00f4te d&rsquo;Ivoire<\/p>\n","protected":false},"author":1,"featured_media":0,"parent":0,"menu_order":0,"comment_status":"closed","ping_status":"closed","template":"","meta":{"_monsterinsights_skip_tracking":false,"_monsterinsights_sitenote_active":false,"_monsterinsights_sitenote_note":"","_monsterinsights_sitenote_category":0,"footnotes":""},"class_list":["post-4480","page","type-page","status-publish","hentry"],"aioseo_notices":[],"_links":{"self":[{"href":"https:\/\/www.a-faid.org\/index.php\/wp-json\/wp\/v2\/pages\/4480","targetHints":{"allow":["GET"]}}],"collection":[{"href":"https:\/\/www.a-faid.org\/index.php\/wp-json\/wp\/v2\/pages"}],"about":[{"href":"https:\/\/www.a-faid.org\/index.php\/wp-json\/wp\/v2\/types\/page"}],"author":[{"embeddable":true,"href":"https:\/\/www.a-faid.org\/index.php\/wp-json\/wp\/v2\/users\/1"}],"replies":[{"embeddable":true,"href":"https:\/\/www.a-faid.org\/index.php\/wp-json\/wp\/v2\/comments?post=4480"}],"version-history":[{"count":9,"href":"https:\/\/www.a-faid.org\/index.php\/wp-json\/wp\/v2\/pages\/4480\/revisions"}],"predecessor-version":[{"id":4977,"href":"https:\/\/www.a-faid.org\/index.php\/wp-json\/wp\/v2\/pages\/4480\/revisions\/4977"}],"wp:attachment":[{"href":"https:\/\/www.a-faid.org\/index.php\/wp-json\/wp\/v2\/media?parent=4480"}],"curies":[{"name":"wp","href":"https:\/\/api.w.org\/{rel}","templated":true}]}}