{"id":4468,"date":"2025-10-16T04:30:48","date_gmt":"2025-10-16T04:30:48","guid":{"rendered":"https:\/\/www.a-faid.org\/?page_id=4468"},"modified":"2026-01-08T18:15:39","modified_gmt":"2026-01-08T18:15:39","slug":"inscription","status":"publish","type":"page","link":"https:\/\/www.a-faid.org\/index.php\/inscription\/","title":{"rendered":"Inscription"},"content":{"rendered":"\t\t<div data-elementor-type=\"wp-page\" data-elementor-id=\"4468\" class=\"elementor elementor-4468\">\n\t\t\t\t<div class=\"elementor-element elementor-element-da44dd0 e-flex e-con-boxed e-con e-parent\" data-id=\"da44dd0\" data-element_type=\"container\">\n\t\t\t\t\t<div class=\"e-con-inner\">\n\t\t\t\t<div class=\"elementor-element elementor-element-b5163d6 elementor-widget elementor-widget-spacer\" data-id=\"b5163d6\" data-element_type=\"widget\" data-widget_type=\"spacer.default\">\n\t\t\t\t\t\t\t<div class=\"elementor-spacer\">\n\t\t\t<div class=\"elementor-spacer-inner\"><\/div>\n\t\t<\/div>\n\t\t\t\t\t\t<\/div>\n\t\t\t\t\t<\/div>\n\t\t\t\t<\/div>\n\t\t<div class=\"elementor-element elementor-element-cfb487d e-con-full e-flex e-con e-parent\" data-id=\"cfb487d\" data-element_type=\"container\">\n\t\t\t\t<div class=\"elementor-element elementor-element-975e261 elementor-widget elementor-widget-heading\" data-id=\"975e261\" data-element_type=\"widget\" data-widget_type=\"heading.default\">\n\t\t\t\t\t<h2 class=\"elementor-heading-title elementor-size-default\">Les \u00e9tapes d'inscription<\/h2>\t\t\t\t<\/div>\n\t\t\t\t<div class=\"elementor-element elementor-element-c0eeca2 elementor-widget elementor-widget-image\" data-id=\"c0eeca2\" data-element_type=\"widget\" data-widget_type=\"image.default\">\n\t\t\t\t\t\t\t\t\t\t\t\t\t\t\t<img fetchpriority=\"high\" decoding=\"async\" width=\"1284\" height=\"188\" src=\"https:\/\/www.a-faid.org\/wp-content\/uploads\/2025\/12\/etape-adhesion.png\" class=\"attachment-full size-full wp-image-4873\" alt=\"\" srcset=\"https:\/\/www.a-faid.org\/wp-content\/uploads\/2025\/12\/etape-adhesion.png 1284w, https:\/\/www.a-faid.org\/wp-content\/uploads\/2025\/12\/etape-adhesion-300x44.png 300w, https:\/\/www.a-faid.org\/wp-content\/uploads\/2025\/12\/etape-adhesion-1024x150.png 1024w, https:\/\/www.a-faid.org\/wp-content\/uploads\/2025\/12\/etape-adhesion-768x112.png 768w, https:\/\/www.a-faid.org\/wp-content\/uploads\/2025\/12\/etape-adhesion-600x88.png 600w\" sizes=\"(max-width: 1284px) 100vw, 1284px\" \/>\t\t\t\t\t\t\t\t\t\t\t\t\t\t\t<\/div>\n\t\t\t\t<\/div>\n\t\t<div class=\"elementor-element elementor-element-ac53b24 e-con-full e-flex e-con e-parent\" data-id=\"ac53b24\" data-element_type=\"container\">\n\t\t\t\t<div class=\"elementor-element elementor-element-85e59fa elementor-widget elementor-widget-heading\" data-id=\"85e59fa\" data-element_type=\"widget\" data-widget_type=\"heading.default\">\n\t\t\t\t\t<h2 class=\"elementor-heading-title elementor-size-default\">1. Inscrivez-vous<\/h2>\t\t\t\t<\/div>\n\t\t\t\t<div class=\"elementor-element elementor-element-cb2c592 elementor-widget elementor-widget-tp-button\" data-id=\"cb2c592\" data-element_type=\"widget\" data-widget_type=\"tp-button.default\">\n\t\t\t\t<div class=\"elementor-widget-container\">\n\t\t\t\t\t\r\n\t\r\n\r\n<a class=\"tp-btn wow tp-el-btn \" href=\"https:\/\/www.a-faid.org\/panel\" target=\"_blank\" rel=\"nofollow\">Formulaire d'inscription<\/a>\r\n\r\n\t\t\t\t<\/div>\n\t\t\t\t<\/div>\n\t\t\t\t<\/div>\n\t\t<div class=\"elementor-element elementor-element-e572d31 e-con-full e-flex e-con e-parent\" data-id=\"e572d31\" data-element_type=\"container\">\n\t\t\t\t<div class=\"elementor-element elementor-element-fd3a30b elementor-widget-divider--view-line elementor-widget elementor-widget-divider\" data-id=\"fd3a30b\" data-element_type=\"widget\" data-widget_type=\"divider.default\">\n\t\t\t\t\t\t\t<div class=\"elementor-divider\">\n\t\t\t<span class=\"elementor-divider-separator\">\n\t\t\t\t\t\t<\/span>\n\t\t<\/div>\n\t\t\t\t\t\t<\/div>\n\t\t\t\t<\/div>\n\t\t<div class=\"elementor-element elementor-element-075a04d e-con-full e-flex e-con e-parent\" data-id=\"075a04d\" data-element_type=\"container\">\n\t\t\t\t<div class=\"elementor-element elementor-element-672542d elementor-widget elementor-widget-heading\" data-id=\"672542d\" data-element_type=\"widget\" data-widget_type=\"heading.default\">\n\t\t\t\t\t<h2 class=\"elementor-heading-title elementor-size-default\">2. Les droits d'adh\u00e9sion<\/h2>\t\t\t\t<\/div>\n\t\t\t\t<div class=\"elementor-element elementor-element-4df36ed elementor-widget elementor-widget-image\" data-id=\"4df36ed\" data-element_type=\"widget\" data-widget_type=\"image.default\">\n\t\t\t\t\t\t\t\t\t\t\t\t\t\t\t<img decoding=\"async\" width=\"1284\" height=\"188\" src=\"https:\/\/www.a-faid.org\/wp-content\/uploads\/2025\/12\/adhesion-3.png\" class=\"attachment-full size-full wp-image-4876\" alt=\"\" srcset=\"https:\/\/www.a-faid.org\/wp-content\/uploads\/2025\/12\/adhesion-3.png 1284w, https:\/\/www.a-faid.org\/wp-content\/uploads\/2025\/12\/adhesion-3-300x44.png 300w, https:\/\/www.a-faid.org\/wp-content\/uploads\/2025\/12\/adhesion-3-1024x150.png 1024w, https:\/\/www.a-faid.org\/wp-content\/uploads\/2025\/12\/adhesion-3-768x112.png 768w, https:\/\/www.a-faid.org\/wp-content\/uploads\/2025\/12\/adhesion-3-600x88.png 600w\" sizes=\"(max-width: 1284px) 100vw, 1284px\" \/>\t\t\t\t\t\t\t\t\t\t\t\t\t\t\t<\/div>\n\t\t\t\t<\/div>\n\t\t<div class=\"elementor-element elementor-element-c97344b e-con-full e-flex e-con e-parent\" data-id=\"c97344b\" data-element_type=\"container\">\n\t\t\t\t<div class=\"elementor-element elementor-element-5e59e16 elementor-widget-divider--view-line elementor-widget elementor-widget-divider\" data-id=\"5e59e16\" data-element_type=\"widget\" data-widget_type=\"divider.default\">\n\t\t\t\t\t\t\t<div class=\"elementor-divider\">\n\t\t\t<span class=\"elementor-divider-separator\">\n\t\t\t\t\t\t<\/span>\n\t\t<\/div>\n\t\t\t\t\t\t<\/div>\n\t\t\t\t<\/div>\n\t\t<div class=\"elementor-element elementor-element-0f57348 e-con-full e-flex e-con e-parent\" data-id=\"0f57348\" data-element_type=\"container\">\n\t\t\t\t<div class=\"elementor-element elementor-element-905d826 elementor-widget elementor-widget-heading\" data-id=\"905d826\" data-element_type=\"widget\" data-widget_type=\"heading.default\">\n\t\t\t\t\t<h2 class=\"elementor-heading-title elementor-size-default\">3. Les moyens de paiement<\/h2>\t\t\t\t<\/div>\n\t\t\t\t<div class=\"elementor-element elementor-element-990b320 elementor-widget elementor-widget-image\" data-id=\"990b320\" data-element_type=\"widget\" data-widget_type=\"image.default\">\n\t\t\t\t\t\t\t\t\t\t\t\t\t\t\t<img decoding=\"async\" width=\"514\" height=\"90\" src=\"https:\/\/www.a-faid.org\/wp-content\/uploads\/2025\/12\/Mobile_paiement.png\" class=\"attachment-medium_large size-medium_large wp-image-4878\" alt=\"\" srcset=\"https:\/\/www.a-faid.org\/wp-content\/uploads\/2025\/12\/Mobile_paiement.png 514w, https:\/\/www.a-faid.org\/wp-content\/uploads\/2025\/12\/Mobile_paiement-300x53.png 300w\" sizes=\"(max-width: 514px) 100vw, 514px\" \/>\t\t\t\t\t\t\t\t\t\t\t\t\t\t\t<\/div>\n\t\t\t\t<div class=\"elementor-element elementor-element-3630d0b elementor-widget elementor-widget-image\" data-id=\"3630d0b\" data-element_type=\"widget\" data-widget_type=\"image.default\">\n\t\t\t\t\t\t\t\t\t\t\t\t\t\t\t<img loading=\"lazy\" decoding=\"async\" width=\"640\" height=\"112\" src=\"https:\/\/www.a-faid.org\/wp-content\/uploads\/2025\/12\/virementB.png\" class=\"attachment-medium_large size-medium_large wp-image-4879\" alt=\"\" srcset=\"https:\/\/www.a-faid.org\/wp-content\/uploads\/2025\/12\/virementB.png 662w, https:\/\/www.a-faid.org\/wp-content\/uploads\/2025\/12\/virementB-300x53.png 300w, https:\/\/www.a-faid.org\/wp-content\/uploads\/2025\/12\/virementB-600x105.png 600w\" sizes=\"(max-width: 640px) 100vw, 640px\" \/>\t\t\t\t\t\t\t\t\t\t\t\t\t\t\t<\/div>\n\t\t\t\t<div class=\"elementor-element elementor-element-108bc01 elementor-widget elementor-widget-tp-button\" data-id=\"108bc01\" data-element_type=\"widget\" data-widget_type=\"tp-button.default\">\n\t\t\t\t<div class=\"elementor-widget-container\">\n\t\t\t\t\t\r\n\t\r\n\r\n<a class=\"tp-btn wow tp-el-btn \" href=\"http:\/\/www.a-faid.org\/wp-content\/uploads\/2025\/12\/rib-revolut.pdf\" target=\"_blank\">Telecharger le RIB<\/a>\r\n\r\n\t\t\t\t<\/div>\n\t\t\t\t<\/div>\n\t\t\t\t<\/div>\n\t\t<div class=\"elementor-element elementor-element-7b208ba e-con-full e-flex e-con e-parent\" data-id=\"7b208ba\" data-element_type=\"container\">\n\t\t\t\t<div class=\"elementor-element elementor-element-158c7c8 elementor-widget-divider--view-line elementor-widget elementor-widget-divider\" data-id=\"158c7c8\" data-element_type=\"widget\" data-widget_type=\"divider.default\">\n\t\t\t\t\t\t\t<div class=\"elementor-divider\">\n\t\t\t<span class=\"elementor-divider-separator\">\n\t\t\t\t\t\t<\/span>\n\t\t<\/div>\n\t\t\t\t\t\t<\/div>\n\t\t\t\t<\/div>\n\t\t<div class=\"elementor-element elementor-element-e3ac025 e-con-full e-flex e-con e-parent\" data-id=\"e3ac025\" data-element_type=\"container\">\n\t\t\t\t<div class=\"elementor-element elementor-element-36ca4c5 elementor-widget elementor-widget-text-editor\" data-id=\"36ca4c5\" data-element_type=\"widget\" data-widget_type=\"text-editor.default\">\n\t\t\t\t\t\t\t\t\t<p><strong>Clause de confidentialit\u00e9 :<\/strong> Nous rassurons tous les membres que toutes les informations et vos donn\u00e9es ne seront utilis\u00e9es que dans le cadre des activit\u00e9s de l&rsquo;association, conform\u00e9ment aux r\u00e9glementations sur la protection des donn\u00e9es.<\/p>\t\t\t\t\t\t\t\t<\/div>\n\t\t\t\t<div class=\"elementor-element elementor-element-68f21f5 elementor-widget elementor-widget-spacer\" data-id=\"68f21f5\" data-element_type=\"widget\" data-widget_type=\"spacer.default\">\n\t\t\t\t\t\t\t<div class=\"elementor-spacer\">\n\t\t\t<div class=\"elementor-spacer-inner\"><\/div>\n\t\t<\/div>\n\t\t\t\t\t\t<\/div>\n\t\t\t\t<\/div>\n\t\t\t\t<\/div>\n\t\t","protected":false},"excerpt":{"rendered":"<p>Les \u00e9tapes d&rsquo;inscription 1. Inscrivez-vous Formulaire d&rsquo;inscription 2. Les droits d&rsquo;adh\u00e9sion 3. Les moyens de paiement Telecharger le RIB Clause de confidentialit\u00e9 : Nous rassurons tous les membres que toutes les informations et vos donn\u00e9es ne seront utilis\u00e9es que dans le cadre des activit\u00e9s de l&rsquo;association, conform\u00e9ment aux r\u00e9glementations sur la protection des donn\u00e9es.<\/p>\n","protected":false},"author":1,"featured_media":0,"parent":0,"menu_order":0,"comment_status":"closed","ping_status":"closed","template":"elementor_header_footer","meta":{"_monsterinsights_skip_tracking":false,"_monsterinsights_sitenote_active":false,"_monsterinsights_sitenote_note":"","_monsterinsights_sitenote_category":0,"footnotes":""},"class_list":["post-4468","page","type-page","status-publish","hentry"],"aioseo_notices":[],"_links":{"self":[{"href":"https:\/\/www.a-faid.org\/index.php\/wp-json\/wp\/v2\/pages\/4468","targetHints":{"allow":["GET"]}}],"collection":[{"href":"https:\/\/www.a-faid.org\/index.php\/wp-json\/wp\/v2\/pages"}],"about":[{"href":"https:\/\/www.a-faid.org\/index.php\/wp-json\/wp\/v2\/types\/page"}],"author":[{"embeddable":true,"href":"https:\/\/www.a-faid.org\/index.php\/wp-json\/wp\/v2\/users\/1"}],"replies":[{"embeddable":true,"href":"https:\/\/www.a-faid.org\/index.php\/wp-json\/wp\/v2\/comments?post=4468"}],"version-history":[{"count":30,"href":"https:\/\/www.a-faid.org\/index.php\/wp-json\/wp\/v2\/pages\/4468\/revisions"}],"predecessor-version":[{"id":4961,"href":"https:\/\/www.a-faid.org\/index.php\/wp-json\/wp\/v2\/pages\/4468\/revisions\/4961"}],"wp:attachment":[{"href":"https:\/\/www.a-faid.org\/index.php\/wp-json\/wp\/v2\/media?parent=4468"}],"curies":[{"name":"wp","href":"https:\/\/api.w.org\/{rel}","templated":true}]}}